{"id":581,"date":"2024-02-01T09:11:51","date_gmt":"2024-02-01T08:11:51","guid":{"rendered":"https:\/\/mensa-cortes.com\/?page_id=581"},"modified":"2025-09-23T17:08:40","modified_gmt":"2025-09-23T15:08:40","slug":"colibri-wp","status":"publish","type":"page","link":"https:\/\/mensacortes.com\/","title":{"rendered":"L&rsquo;AGENCE &amp; CENTRE DE FORMATION"},"content":{"rendered":"\n<p><strong>Mensa Cortes<\/strong> est une marque multi-facette cr\u00e9\u00e9e en Champagne. Depuis son origine, elle a vocation \u00e0 accompagner les entreprises dans leur recherche de performance. Ainsi, nous apportons, \u00e0 vous et \u00e0 vos \u00e9quipes, conseil et formation. <\/p>\n\n\n\n<div style=\"height:30px\" aria-hidden=\"true\" class=\"wp-block-spacer\"><\/div>\n\n\n\n<div class=\"wp-block-columns alignwide is-layout-flex wp-container-core-columns-is-layout-829b1d53 wp-block-columns-is-layout-flex\" style=\"margin-bottom:0\">\n<div class=\"wp-block-column has-text-color has-background has-link-color wp-elements-491bd53c7cea59fced948ae6bfd9904b is-layout-flow wp-block-column-is-layout-flow\" style=\"color:#000000;background-color:#ffe97d;padding-top:2em;padding-right:2em;padding-bottom:2em;padding-left:2em\">\n<h2 class=\"wp-block-heading\" id=\"single\" style=\"font-size:40px\"><strong><mark style=\"background-color:rgba(0, 0, 0, 0);color:#000f4d\" class=\"has-inline-color\">ACCOMPAGNEMENT<\/mark><\/strong><\/h2>\n\n\n\n<p class=\"has-normal-font-size\" style=\"line-height:1.5\"><em>\u00ab\u00a0Les projets \u00e9chouent l\u00e0 o\u00f9 il n&rsquo;y a point de conseil, mais, par la multitude des conseillers, ils r\u00e9ussissent.\u00a0\u00bb<\/em><\/p>\n\n\n\n<p class=\"has-normal-font-size\" style=\"line-height:1.5\"><strong>BIBLE J.N. DARBY<\/strong><\/p>\n\n\n\n<hr class=\"wp-block-separator has-text-color has-css-opacity has-background is-style-wide\" style=\"background-color:#000000;color:#000000\"\/>\n\n\n\n<div class=\"wp-block-buttons alignfull is-horizontal is-content-justification-center is-layout-flex wp-container-core-buttons-is-layout-499968f5 wp-block-buttons-is-layout-flex\">\n<div class=\"wp-block-button has-custom-width wp-block-button__width-100\"><a class=\"wp-block-button__link has-white-color has-text-color has-background no-border-radius wp-element-button\" href=\"https:\/\/mensa-cortes.com\/?page_id=702\" style=\"background-color:#000000\">D\u00e9couvrir                                  notre offre de services ! <\/a><\/div>\n<\/div>\n<\/div>\n\n\n\n<div class=\"wp-block-column has-text-color has-background has-link-color wp-elements-6158e3c7c9bc06dbeb1960fa569a6604 is-layout-flow wp-block-column-is-layout-flow\" style=\"color:#000000;background-color:#d1d1e1;padding-top:2em;padding-right:2em;padding-bottom:2em;padding-left:2em\">\n<h2 class=\"wp-block-heading\" id=\"family\" style=\"font-size:40px\"><strong>FORMATION<\/strong><\/h2>\n\n\n\n<p class=\"has-normal-font-size\" style=\"line-height:1.5\"><em>\u00ab&nbsp;Investir dans la formation, c\u2019est conjuguer au pr\u00e9sent mais aussi au futur le souci des hommes et le souci des r\u00e9sultats.&nbsp;\u00bb<\/em><\/p>\n\n\n\n<p class=\"has-normal-font-size\" style=\"line-height:1.5\"><strong><strong>Philippe BLOCH<\/strong>, auteur et conf\u00e9rencier<\/strong><\/p>\n\n\n\n<hr class=\"wp-block-separator has-css-opacity is-style-wide\"\/>\n\n\n\n<div class=\"wp-block-buttons alignfull is-horizontal is-content-justification-center is-layout-flex wp-container-core-buttons-is-layout-499968f5 wp-block-buttons-is-layout-flex\">\n<div class=\"wp-block-button has-custom-width wp-block-button__width-100 is-style-fill\"><a class=\"wp-block-button__link has-white-color has-text-color has-background no-border-radius wp-element-button\" href=\"https:\/\/mensa-cortes.com\/?page_id=703\" style=\"background-color:#000000\">D\u00e9couvrir  notre catalogue  de formations !<\/a><\/div>\n<\/div>\n<\/div>\n<\/div>\n\n\n\n<div style=\"height:30px\" aria-hidden=\"true\" class=\"wp-block-spacer\"><\/div>\n\n\n\n<h2 class=\"wp-block-heading\"><strong><mark style=\"background-color:rgba(0, 0, 0, 0);color:#cc7f00\" class=\"has-inline-color\">NOTRE FORCE : NOTRE R\u00c9SEAU D&rsquo;EXPERTS<\/mark><\/strong><\/h2>\n\n\n\n<p>La force de <strong>Mensa Cortes<\/strong> , c&rsquo;est un r\u00e9seau de centaines d&rsquo;experts form\u00e9s, qualifi\u00e9s et reconnus pour leur professionnalisme. Nos formations sont assur\u00e9es partout en France par des professionnels de qualit\u00e9, s\u00e9lectionn\u00e9s avec soin et form\u00e9s \u00e0 nos process. Ils s&rsquo;engagent tous \u00e0 respecter notre charte qualit\u00e9.<\/p>\n\n\n\n<p><strong>Mensa Cortes<\/strong>, notre r\u00e9seau, notre diff\u00e9rence.<\/p>\n\n\n\n<div class=\"wp-block-buttons is-content-justification-center is-layout-flex wp-container-core-buttons-is-layout-16018d1d wp-block-buttons-is-layout-flex\">\n<div class=\"wp-block-button is-style-outline is-style-outline--1\"><a class=\"wp-block-button__link wp-element-button\" href=\"https:\/\/mensa-cortes.com\/?page_id=769\"><mark style=\"background-color:#ffffff;color:#cc7f00\" class=\"has-inline-color\">D\u00e9couvrez notre \u00e9quipe<\/mark><\/a><\/div>\n<\/div>\n","protected":false},"excerpt":{"rendered":"<p>Mensa Cortes est une marque multi-facette cr\u00e9\u00e9e en Champagne. Depuis son origine, elle a vocation \u00e0 accompagner les entreprises dans leur recherche de performance. Ainsi, nous apportons, \u00e0 vous et \u00e0 vos \u00e9quipes, conseil et formation. \u00ab\u00a0Les projets \u00e9chouent l\u00e0 o\u00f9 il n&rsquo;y a point de conseil, mais, par la multitude des conseillers, ils r\u00e9ussissent.\u00a0\u00bb &hellip; <\/p>\n<p class=\"link-more\"><a href=\"https:\/\/mensacortes.com\/\" class=\"more-link\">Continuer la lecture<span class=\"screen-reader-text\"> de &laquo;&nbsp;L&rsquo;AGENCE &amp; CENTRE DE FORMATION&nbsp;&raquo;<\/span><\/a><\/p>\n","protected":false},"author":2,"featured_media":0,"parent":0,"menu_order":0,"comment_status":"closed","ping_status":"closed","template":"page-templates\/homepage.php","meta":{"footnotes":""},"class_list":["post-581","page","type-page","status-publish","hentry"],"jetpack_sharing_enabled":true,"_links":{"self":[{"href":"https:\/\/mensacortes.com\/index.php?rest_route=\/wp\/v2\/pages\/581","targetHints":{"allow":["GET"]}}],"collection":[{"href":"https:\/\/mensacortes.com\/index.php?rest_route=\/wp\/v2\/pages"}],"about":[{"href":"https:\/\/mensacortes.com\/index.php?rest_route=\/wp\/v2\/types\/page"}],"author":[{"embeddable":true,"href":"https:\/\/mensacortes.com\/index.php?rest_route=\/wp\/v2\/users\/2"}],"replies":[{"embeddable":true,"href":"https:\/\/mensacortes.com\/index.php?rest_route=%2Fwp%2Fv2%2Fcomments&post=581"}],"version-history":[{"count":21,"href":"https:\/\/mensacortes.com\/index.php?rest_route=\/wp\/v2\/pages\/581\/revisions"}],"predecessor-version":[{"id":1448,"href":"https:\/\/mensacortes.com\/index.php?rest_route=\/wp\/v2\/pages\/581\/revisions\/1448"}],"wp:attachment":[{"href":"https:\/\/mensacortes.com\/index.php?rest_route=%2Fwp%2Fv2%2Fmedia&parent=581"}],"curies":[{"name":"wp","href":"https:\/\/api.w.org\/{rel}","templated":true}]}}