{"id":702,"date":"2025-01-03T10:22:20","date_gmt":"2025-01-03T09:22:20","guid":{"rendered":"https:\/\/mensa-cortes.com\/?page_id=702"},"modified":"2025-01-05T19:26:39","modified_gmt":"2025-01-05T18:26:39","slug":"conseil","status":"publish","type":"page","link":"https:\/\/mensacortes.com\/?page_id=702","title":{"rendered":"CONSEIL"},"content":{"rendered":"\n<blockquote class=\"wp-block-quote is-layout-flow wp-block-quote-is-layout-flow\">\n<p>\u00ab\u00a0Les <em>projets \u00e9chouent l\u00e0 o\u00f9 il n\u2019y a point de conseil, mais, par la multitude des conseillers, ils r\u00e9ussissent<\/em>.\u00a0\u00bb<\/p>\n<cite>BIBLE J.N. DARBY <\/cite><\/blockquote>\n\n\n\n<div style=\"height:10px\" aria-hidden=\"true\" class=\"wp-block-spacer\"><\/div>\n\n\n\n<p>Mensa Cortes est plus convaincue que jamais, que\u00a0<strong>pour durer et performer, un professionnel se doit d\u2019\u00eatre bien accompagn\u00e9<\/strong>. Nous mettons donc notre expertise \u00e0 votre service.<\/p>\n\n\n\n<div style=\"height:10px\" aria-hidden=\"true\" class=\"wp-block-spacer\"><\/div>\n\n\n\n<p><strong><mark style=\"background-color:#cc7f00\" class=\"has-inline-color has-white-color\">#1 |&nbsp;LA D\u00c9FINITION DE VOTRE STRAT\u00c9GIE<\/mark><\/strong><\/p>\n\n\n\n<p>La d\u00e9finition d\u2019une <strong>strat\u00e9gie<\/strong> est une \u00e9tape cruciale pour toute organisation commerciale. V\u00e9ritable fondation de votre projet, elle influence et structure les actions \u00e0 mettre en place pour conserver une longueur d\u2019avance. Mensa Cortes vous accompagne dans la cr\u00e9ation de votre <strong>projet entreprenarial<\/strong>, la d\u00e9finition de votre <strong>strat\u00e9gie<\/strong> et de votre <strong>identit\u00e9 visuelle<\/strong> (cr\u00e9ation de logo, de charte graphique, de supports de communication, de sites Internet\u2026).<\/p>\n\n\n\n<div style=\"height:11px\" aria-hidden=\"true\" class=\"wp-block-spacer\"><\/div>\n\n\n\n<p><strong><mark style=\"background-color:#cc7f00\" class=\"has-inline-color has-white-color\">#2 |&nbsp;LA GESTION ADMINISTRATIVE ET COMMERCIALE DE VOTRE STRUCTURE<\/mark><mark>&nbsp;<\/mark><\/strong><\/p>\n\n\n\n<p>Les derniers r\u00e9sultats d\u2019une \u00e9tude arrivaient \u00e0 cette conclusion :\u00a0<em>\u00ab\u00a0La gestion administrative occupe une place non n\u00e9gligeable dans la semaine des entrepreneurs. 63\u00a0% y consacrent jusqu\u2019\u00e0 une demi-journ\u00e9e hebdomadaire, 85\u00a0% jusqu\u2019\u00e0 un jour. 15\u00a0% s\u2019y plongent m\u00eame plus d\u2019une journ\u00e9e<\/em><sup data-fn=\"e0cbafef-07fd-4d88-b6e1-222c2b9f7837\" class=\"fn\"><a href=\"#e0cbafef-07fd-4d88-b6e1-222c2b9f7837\" id=\"e0cbafef-07fd-4d88-b6e1-222c2b9f7837-link\">1<\/a><\/sup>\u00ab\u00a0.<\/p>\n\n\n\n<p>La <strong>gestion administrative et commerciale<\/strong>, bien que chronophage, constitue un \u00e9l\u00e9ment central pour la bonne sant\u00e9 de toute entreprise. Mensa Cortes vous accompagne : nous vous proposons des solutions concr\u00e8tes (secr\u00e9tariat, r\u00e9alisation de factures, gestion des impay\u00e9s, etc.) pour vous lib\u00e9rer au quotidien et vous permettre de vous consacrer \u00e0 votre coeur de m\u00e9tier.<\/p>\n\n\n\n<div style=\"height:10px\" aria-hidden=\"true\" class=\"wp-block-spacer\"><\/div>\n\n\n\n<details class=\"wp-block-details is-layout-flow wp-block-details-is-layout-flow\"><summary> Vous souhaitez \u00e9changer sur vos besoins ?<br>Vous et vos \u00e9quipes, vous avez une surcharge de travail programm\u00e9e ou constat\u00e9e ? <br>Vous avez un projet de cr\u00e9ation d&rsquo;entreprise ? <br><strong>RENCONTRONS-NOUS !<\/strong><\/summary>\n<p><\/p>\n<\/details>\n\n\n\n<div style=\"height:10px\" aria-hidden=\"true\" class=\"wp-block-spacer\"><\/div>\n\n\n\n<p class=\"has-text-align-center\"><strong>Votre entreprise est unique ; nos conseils le sont \u00e9galement !<\/strong><\/p>\n\n\n\n<div style=\"height:10px\" aria-hidden=\"true\" class=\"wp-block-spacer\"><\/div>\n\n\n\n<p>R<em>emplissez le formulaire de contact ci-apr\u00e8s et nous vous recontacterons sous 24h (jours ouvr\u00e9s)<\/em>.<\/p>\n\n\n<div class=\"wp-block-jetpack-contact-form is-layout-flex wp-container-jetpack-contact-form-is-layout-026b38f8 wp-block-contact-form-is-layout-flex\"><a href=\"https:\/\/mensacortes.com\/?page_id=702\" target=\"_blank\" rel=\"noopener noreferrer\">Soumettre un formulaire.<\/a><\/div>\n\n<ol class=\"wp-block-footnotes\"><li id=\"e0cbafef-07fd-4d88-b6e1-222c2b9f7837\">Source :\u00a0<a href=\"https:\/\/www.tpe-mag.fr\/administratif-tant-dheures-perdues.html\">https:\/\/www.tpe-mag.fr\/administratif-tant-dheures-perdues.html<\/a> <a href=\"#e0cbafef-07fd-4d88-b6e1-222c2b9f7837-link\" aria-label=\"Aller \u00e0 la note de bas de page 1\">\u21a9\ufe0e<\/a><\/li><\/ol>","protected":false},"excerpt":{"rendered":"<p>\u00ab\u00a0Les projets \u00e9chouent l\u00e0 o\u00f9 il n\u2019y a point de conseil, mais, par la multitude des conseillers, ils r\u00e9ussissent.\u00a0\u00bb BIBLE J.N. DARBY Mensa Cortes est plus convaincue que jamais, que\u00a0pour durer et performer, un professionnel se doit d\u2019\u00eatre bien accompagn\u00e9. Nous mettons donc notre expertise \u00e0 votre service. #1 |&nbsp;LA D\u00c9FINITION DE VOTRE STRAT\u00c9GIE La &hellip; <\/p>\n<p class=\"link-more\"><a href=\"https:\/\/mensacortes.com\/?page_id=702\" class=\"more-link\">Continuer la lecture<span class=\"screen-reader-text\"> de &laquo;&nbsp;CONSEIL&nbsp;&raquo;<\/span><\/a><\/p>\n","protected":false},"author":2,"featured_media":0,"parent":0,"menu_order":0,"comment_status":"closed","ping_status":"closed","template":"","meta":{"footnotes":"[{\"content\":\"Source :\u00a0<a href=\\\"https:\/\/www.tpe-mag.fr\/administratif-tant-dheures-perdues.html\\\">https:\/\/www.tpe-mag.fr\/administratif-tant-dheures-perdues.html<\/a>\",\"id\":\"e0cbafef-07fd-4d88-b6e1-222c2b9f7837\"}]"},"class_list":["post-702","page","type-page","status-publish","hentry"],"jetpack_sharing_enabled":true,"_links":{"self":[{"href":"https:\/\/mensacortes.com\/index.php?rest_route=\/wp\/v2\/pages\/702","targetHints":{"allow":["GET"]}}],"collection":[{"href":"https:\/\/mensacortes.com\/index.php?rest_route=\/wp\/v2\/pages"}],"about":[{"href":"https:\/\/mensacortes.com\/index.php?rest_route=\/wp\/v2\/types\/page"}],"author":[{"embeddable":true,"href":"https:\/\/mensacortes.com\/index.php?rest_route=\/wp\/v2\/users\/2"}],"replies":[{"embeddable":true,"href":"https:\/\/mensacortes.com\/index.php?rest_route=%2Fwp%2Fv2%2Fcomments&post=702"}],"version-history":[{"count":9,"href":"https:\/\/mensacortes.com\/index.php?rest_route=\/wp\/v2\/pages\/702\/revisions"}],"predecessor-version":[{"id":842,"href":"https:\/\/mensacortes.com\/index.php?rest_route=\/wp\/v2\/pages\/702\/revisions\/842"}],"wp:attachment":[{"href":"https:\/\/mensacortes.com\/index.php?rest_route=%2Fwp%2Fv2%2Fmedia&parent=702"}],"curies":[{"name":"wp","href":"https:\/\/api.w.org\/{rel}","templated":true}]}}