{"id":704,"date":"2025-01-03T10:22:20","date_gmt":"2025-01-03T09:22:20","guid":{"rendered":"https:\/\/mensa-cortes.com\/?page_id=704"},"modified":"2025-01-17T10:22:03","modified_gmt":"2025-01-17T09:22:03","slug":"contact","status":"publish","type":"page","link":"https:\/\/mensacortes.com\/?page_id=704","title":{"rendered":"Demande de devis, de RDV"},"content":{"rendered":"\n<p class=\"has-text-align-center\">Vous souhaitez \u00e9changer \u00e0 propos d&rsquo;un projet ? <\/p>\n\n\n\n<p class=\"has-text-align-center\"><strong>CONTACTEZ-NOUS et RENCONTRONS-NOUS ! <\/strong><\/p>\n\n\n\n<p class=\"has-text-align-center\">Chez Mensa Cortes, le caf\u00e9 est toujours pr\u00eat ! Alors, compl\u00e9tez le formulaire ci-apr\u00e8s et nous vous contacterons dans les plus brefs d\u00e9lais pour organiser une rencontre et r\u00e9pondre au mieux \u00e0 vos besoins. <\/p>\n\n\n\n<p class=\"has-text-align-center\">Au plaisir ! <\/p>\n\n\n\n<div style=\"height:30px\" aria-hidden=\"true\" class=\"wp-block-spacer\"><\/div>\n\n\n<div class=\"wp-block-jetpack-contact-form is-layout-flex wp-container-jetpack-contact-form-is-layout-026b38f8 wp-block-contact-form-is-layout-flex\"><a href=\"https:\/\/mensacortes.com\/?page_id=704\" target=\"_blank\" rel=\"noopener noreferrer\">Soumettre un formulaire.<\/a><\/div>","protected":false},"excerpt":{"rendered":"<p>Vous souhaitez \u00e9changer \u00e0 propos d&rsquo;un projet ? CONTACTEZ-NOUS et RENCONTRONS-NOUS ! Chez Mensa Cortes, le caf\u00e9 est toujours pr\u00eat ! Alors, compl\u00e9tez le formulaire ci-apr\u00e8s et nous vous contacterons dans les plus brefs d\u00e9lais pour organiser une rencontre et r\u00e9pondre au mieux \u00e0 vos besoins. Au plaisir !<\/p>\n","protected":false},"author":2,"featured_media":0,"parent":0,"menu_order":0,"comment_status":"closed","ping_status":"closed","template":"","meta":{"footnotes":""},"class_list":["post-704","page","type-page","status-publish","hentry"],"jetpack_sharing_enabled":true,"_links":{"self":[{"href":"https:\/\/mensacortes.com\/index.php?rest_route=\/wp\/v2\/pages\/704","targetHints":{"allow":["GET"]}}],"collection":[{"href":"https:\/\/mensacortes.com\/index.php?rest_route=\/wp\/v2\/pages"}],"about":[{"href":"https:\/\/mensacortes.com\/index.php?rest_route=\/wp\/v2\/types\/page"}],"author":[{"embeddable":true,"href":"https:\/\/mensacortes.com\/index.php?rest_route=\/wp\/v2\/users\/2"}],"replies":[{"embeddable":true,"href":"https:\/\/mensacortes.com\/index.php?rest_route=%2Fwp%2Fv2%2Fcomments&post=704"}],"version-history":[{"count":13,"href":"https:\/\/mensacortes.com\/index.php?rest_route=\/wp\/v2\/pages\/704\/revisions"}],"predecessor-version":[{"id":917,"href":"https:\/\/mensacortes.com\/index.php?rest_route=\/wp\/v2\/pages\/704\/revisions\/917"}],"wp:attachment":[{"href":"https:\/\/mensacortes.com\/index.php?rest_route=%2Fwp%2Fv2%2Fmedia&parent=704"}],"curies":[{"name":"wp","href":"https:\/\/api.w.org\/{rel}","templated":true}]}}