{"id":778,"date":"2025-01-03T22:53:56","date_gmt":"2025-01-03T21:53:56","guid":{"rendered":"https:\/\/mensa-cortes.com\/?page_id=778"},"modified":"2025-02-06T11:57:12","modified_gmt":"2025-02-06T10:57:12","slug":"mac-sst","status":"publish","type":"page","link":"https:\/\/mensacortes.com\/?page_id=778","title":{"rendered":"Formation MAC SST"},"content":{"rendered":"\n<blockquote class=\"wp-block-quote is-layout-flow wp-block-quote-is-layout-flow\">\n<hr class=\"wp-block-separator has-css-opacity is-style-default\"\/>\n\n\n<div class=\"wp-block-image is-style-rounded\">\n<figure class=\"alignleft size-full is-resized\"><img loading=\"lazy\" decoding=\"async\" width=\"1024\" height=\"768\" src=\"http:\/\/mensa-cortes.com\/wp-content\/uploads\/2025\/01\/3722D6D8-73A7-4084-9CA5-F7B83D58F578_1_105_c.jpeg\" alt=\"\" class=\"wp-image-750\" style=\"width:249px;height:auto\" srcset=\"https:\/\/mensacortes.com\/wp-content\/uploads\/2025\/01\/3722D6D8-73A7-4084-9CA5-F7B83D58F578_1_105_c.jpeg 1024w, https:\/\/mensacortes.com\/wp-content\/uploads\/2025\/01\/3722D6D8-73A7-4084-9CA5-F7B83D58F578_1_105_c-300x225.jpeg 300w, https:\/\/mensacortes.com\/wp-content\/uploads\/2025\/01\/3722D6D8-73A7-4084-9CA5-F7B83D58F578_1_105_c-768x576.jpeg 768w\" sizes=\"auto, (max-width: 767px) 89vw, (max-width: 1000px) 54vw, (max-width: 1071px) 543px, 580px\" \/><\/figure><\/div>\n\n\n<blockquote class=\"wp-block-quote has-text-align-center is-style-large is-layout-flow wp-block-quote-is-layout-flow\">\n<p><em>\u00ab <\/em>La r\u00e9p\u00e9tition est m\u00e8re de la sagesse.<em> \u00bb<\/em><\/p>\n<cite>Proverbe slovaque<\/cite><\/blockquote>\n\n\n\n<div style=\"height:10px\" aria-hidden=\"true\" class=\"wp-block-spacer\"><\/div>\n<\/blockquote>\n\n\n\n<div class=\"wp-block-columns is-layout-flex wp-container-core-columns-is-layout-9d6595d7 wp-block-columns-is-layout-flex\">\n<div class=\"wp-block-column is-layout-flow wp-block-column-is-layout-flow\" style=\"flex-basis:66.66%\">\n<p>Le MAC (Maintien et Actualisation des Comp\u00e9tences, ou <em>\u00ab recyclage <\/em>\u00bb) de la formation Sauveteur Secouriste du Travail (SST) est un <strong>outil pr\u00e9cieux entre les mains des chefs d\u2019entreprise et profite \u00e0 toute la soci\u00e9t\u00e9<\/strong>. Il permet aux salari\u00e9s d\u00e9j\u00e0 form\u00e9s de renforcer leur capacit\u00e9 \u00e0 promouvoir la culture de la pr\u00e9vention dans leur entreprise, gr\u00e2ce \u00e0 des outils efficaces comme les neufs principes g\u00e9n\u00e9raux de pr\u00e9vention d\u00e9finis par le Code du travail et le m\u00e9canisme d&rsquo;apparition du dommage.<\/p>\n\n\n\n<p><strong>Dur\u00e9e de la formation :<\/strong> 7 heures, soit <strong>1 journ\u00e9e<\/strong><\/p>\n\n\n\n<p><strong>Dur\u00e9e de validit\u00e9 :<\/strong> 2 ans<\/p>\n\n\n\n<p><strong>Nombre de participants :<\/strong> de 4 \u00e0 10 personnes <\/p>\n\n\n\n<p><strong>Pr\u00e9-requis :<\/strong> \u00eatre <strong>titulaire du certificat SST <\/strong>d\u00e9livr\u00e9 par une entit\u00e9 habilit\u00e9e.<\/p>\n\n\n\n<p><strong>Profil : <\/strong>tout salari\u00e9 d\u00e9sirant conserver son certificat SST.<\/p>\n\n\n\n<p><strong>Tarif : <\/strong>devis sur simple demande<\/p>\n\n\n\n<div style=\"height:106px\" aria-hidden=\"true\" class=\"wp-block-spacer\"><\/div>\n\n\n\n<div class=\"wp-block-buttons is-content-justification-center is-layout-flex wp-container-core-buttons-is-layout-16018d1d wp-block-buttons-is-layout-flex\">\n<div class=\"wp-block-button is-style-outline is-style-outline--1\"><a class=\"wp-block-button__link has-text-align-center wp-element-button\" href=\"https:\/\/mensa-cortes.com\/wp-admin\/post.php?post=705&amp;action=edit\"><mark style=\"background-color:rgba(0, 0, 0, 0);color:#cc7f00\" class=\"has-inline-color\">Je m&rsquo;inscris !<\/mark><\/a><\/div>\n<\/div>\n<\/div>\n\n\n\n<div class=\"wp-block-column is-layout-flow wp-block-column-is-layout-flow\" style=\"flex-basis:33.33%\">\n<div data-wp-interactive=\"core\/file\" class=\"wp-block-file\"><object data-wp-bind--hidden=\"!state.hasPdfPreview\" hidden class=\"wp-block-file__embed\" data=\"https:\/\/mensa-cortes.com\/wp-content\/uploads\/2025\/01\/MC-Plaquette-MAC-SST-2025.pdf\" type=\"application\/pdf\" style=\"width:100%;height:600px\" aria-label=\"Contenu embarqu\u00e9 MC-Plaquette-MAC-SST-2025.\"><\/object><a id=\"wp-block-file--media-ceb115b1-70ec-4c65-9474-742934ba3860\" href=\"https:\/\/mensa-cortes.com\/wp-content\/uploads\/2025\/01\/MC-Plaquette-MAC-SST-2025.pdf\">MC-Plaquette-MAC-SST-2025<\/a><a href=\"https:\/\/mensa-cortes.com\/wp-content\/uploads\/2025\/01\/MC-Plaquette-MAC-SST-2025.pdf\" class=\"wp-block-file__button wp-element-button\" download aria-describedby=\"wp-block-file--media-ceb115b1-70ec-4c65-9474-742934ba3860\">T\u00e9l\u00e9charger<\/a><\/div>\n<\/div>\n<\/div>\n\n\n\n<div class=\"wp-block-buttons is-content-justification-center is-layout-flex wp-container-core-buttons-is-layout-16018d1d wp-block-buttons-is-layout-flex\"><\/div>\n","protected":false},"excerpt":{"rendered":"<p>Le MAC (Maintien et Actualisation des Comp\u00e9tences, ou \u00ab recyclage \u00bb) de la formation Sauveteur Secouriste du Travail (SST) est un outil pr\u00e9cieux entre les mains des chefs d\u2019entreprise et profite \u00e0 toute la soci\u00e9t\u00e9. Il permet aux salari\u00e9s d\u00e9j\u00e0 form\u00e9s de renforcer leur capacit\u00e9 \u00e0 promouvoir la culture de la pr\u00e9vention dans leur entreprise, &hellip; <\/p>\n<p class=\"link-more\"><a href=\"https:\/\/mensacortes.com\/?page_id=778\" class=\"more-link\">Continuer la lecture<span class=\"screen-reader-text\"> de &laquo;&nbsp;Formation MAC SST&nbsp;&raquo;<\/span><\/a><\/p>\n","protected":false},"author":2,"featured_media":0,"parent":0,"menu_order":0,"comment_status":"closed","ping_status":"closed","template":"","meta":{"footnotes":""},"class_list":["post-778","page","type-page","status-publish","hentry"],"jetpack_sharing_enabled":true,"_links":{"self":[{"href":"https:\/\/mensacortes.com\/index.php?rest_route=\/wp\/v2\/pages\/778","targetHints":{"allow":["GET"]}}],"collection":[{"href":"https:\/\/mensacortes.com\/index.php?rest_route=\/wp\/v2\/pages"}],"about":[{"href":"https:\/\/mensacortes.com\/index.php?rest_route=\/wp\/v2\/types\/page"}],"author":[{"embeddable":true,"href":"https:\/\/mensacortes.com\/index.php?rest_route=\/wp\/v2\/users\/2"}],"replies":[{"embeddable":true,"href":"https:\/\/mensacortes.com\/index.php?rest_route=%2Fwp%2Fv2%2Fcomments&post=778"}],"version-history":[{"count":9,"href":"https:\/\/mensacortes.com\/index.php?rest_route=\/wp\/v2\/pages\/778\/revisions"}],"predecessor-version":[{"id":990,"href":"https:\/\/mensacortes.com\/index.php?rest_route=\/wp\/v2\/pages\/778\/revisions\/990"}],"wp:attachment":[{"href":"https:\/\/mensacortes.com\/index.php?rest_route=%2Fwp%2Fv2%2Fmedia&parent=778"}],"curies":[{"name":"wp","href":"https:\/\/api.w.org\/{rel}","templated":true}]}}